{"id":9,"date":"2025-03-17T07:15:05","date_gmt":"2025-03-17T07:15:05","guid":{"rendered":"https:\/\/greenpanels.pl\/index.php\/moje-konto\/"},"modified":"2025-03-17T07:15:05","modified_gmt":"2025-03-17T07:15:05","slug":"moje-konto","status":"publish","type":"page","link":"https:\/\/greenpanels.pl\/index.php\/moje-konto\/","title":{"rendered":"Moje konto"},"content":{"rendered":"<div class=\"woocommerce\"><\/div>","protected":false},"excerpt":{"rendered":"","protected":false},"author":1,"featured_media":0,"parent":0,"menu_order":0,"comment_status":"closed","ping_status":"closed","template":"","meta":{"content-type":"","footnotes":""},"class_list":["post-9","page","type-page","status-publish","hentry"],"yoast_head":"<!-- This site is optimized with the Yoast SEO Premium plugin v24.7 (Yoast SEO v27.5) - https:\/\/yoast.com\/product\/yoast-seo-premium-wordpress\/ -->\n<title>Moje konto - GreenPanels.pl | Hurtownia Sklejek i P\u0142yt Budowlanych \u2013 Hurtowe Ceny, Importer<\/title>\n<meta name=\"robots\" content=\"index, follow, max-snippet:-1, max-image-preview:large, max-video-preview:-1\" \/>\n<link rel=\"canonical\" href=\"https:\/\/greenpanels.pl\/index.php\/moje-konto\/\" \/>\n<meta property=\"og:locale\" content=\"pl_PL\" \/>\n<meta property=\"og:type\" content=\"article\" \/>\n<meta property=\"og:title\" content=\"Moje konto\" \/>\n<meta property=\"og:url\" content=\"https:\/\/greenpanels.pl\/index.php\/moje-konto\/\" \/>\n<meta property=\"og:site_name\" content=\"GreenPanels.pl | Hurtownia Sklejek i P\u0142yt Budowlanych \u2013 Hurtowe Ceny, Importer\" \/>\n<meta name=\"twitter:card\" content=\"summary_large_image\" \/>\n<script type=\"application\/ld+json\" class=\"yoast-schema-graph\">{\"@context\":\"https:\\\/\\\/schema.org\",\"@graph\":[{\"@type\":\"WebPage\",\"@id\":\"https:\\\/\\\/greenpanels.pl\\\/index.php\\\/moje-konto\\\/\",\"url\":\"https:\\\/\\\/greenpanels.pl\\\/index.php\\\/moje-konto\\\/\",\"name\":\"Moje konto - GreenPanels.pl | Hurtownia Sklejek i P\u0142yt Budowlanych \u2013 Hurtowe Ceny, Importer\",\"isPartOf\":{\"@id\":\"http:\\\/\\\/greenpanels.pl\\\/#website\"},\"datePublished\":\"2025-03-17T07:15:05+00:00\",\"breadcrumb\":{\"@id\":\"https:\\\/\\\/greenpanels.pl\\\/index.php\\\/moje-konto\\\/#breadcrumb\"},\"inLanguage\":\"pl-PL\",\"potentialAction\":[{\"@type\":\"ReadAction\",\"target\":[\"https:\\\/\\\/greenpanels.pl\\\/index.php\\\/moje-konto\\\/\"]}]},{\"@type\":\"BreadcrumbList\",\"@id\":\"https:\\\/\\\/greenpanels.pl\\\/index.php\\\/moje-konto\\\/#breadcrumb\",\"itemListElement\":[{\"@type\":\"ListItem\",\"position\":1,\"name\":\"Strona g\u0142\u00f3wna\",\"item\":\"http:\\\/\\\/greenpanels.pl\\\/\"},{\"@type\":\"ListItem\",\"position\":2,\"name\":\"Moje konto\"}]},{\"@type\":\"WebSite\",\"@id\":\"http:\\\/\\\/greenpanels.pl\\\/#website\",\"url\":\"http:\\\/\\\/greenpanels.pl\\\/\",\"name\":\"GreenPanels.pl | Hurtownia Sklejek i P\u0142yt Budowlanych \u2013 Hurtowe Ceny, Importer\",\"description\":\"GreenPanels.pl \u2013 profesjonalna hurtownia sklejek brzozowych, p\u0142yt OSB, MDF, HDF i warstwowych u Importera. Zam\u00f3w online ju\u017c dzi\u015b!\",\"publisher\":{\"@id\":\"http:\\\/\\\/greenpanels.pl\\\/#organization\"},\"potentialAction\":[{\"@type\":\"SearchAction\",\"target\":{\"@type\":\"EntryPoint\",\"urlTemplate\":\"http:\\\/\\\/greenpanels.pl\\\/?s={search_term_string}\"},\"query-input\":{\"@type\":\"PropertyValueSpecification\",\"valueRequired\":true,\"valueName\":\"search_term_string\"}}],\"inLanguage\":\"pl-PL\"},{\"@type\":\"Organization\",\"@id\":\"http:\\\/\\\/greenpanels.pl\\\/#organization\",\"name\":\"GreenPanels.pl | Hurtownia Sklejek i P\u0142yt Budowlanych \u2013 Hurtowe Ceny, Importer\",\"url\":\"http:\\\/\\\/greenpanels.pl\\\/\",\"logo\":{\"@type\":\"ImageObject\",\"inLanguage\":\"pl-PL\",\"@id\":\"http:\\\/\\\/greenpanels.pl\\\/#\\\/schema\\\/logo\\\/image\\\/\",\"url\":\"https:\\\/\\\/greenpanels.pl\\\/wp-content\\\/uploads\\\/2025\\\/03\\\/logo-landing.png\",\"contentUrl\":\"https:\\\/\\\/greenpanels.pl\\\/wp-content\\\/uploads\\\/2025\\\/03\\\/logo-landing.png\",\"width\":369,\"height\":53,\"caption\":\"GreenPanels.pl | Hurtownia Sklejek i P\u0142yt Budowlanych \u2013 Hurtowe Ceny, Importer\"},\"image\":{\"@id\":\"http:\\\/\\\/greenpanels.pl\\\/#\\\/schema\\\/logo\\\/image\\\/\"}}]}<\/script>\n<!-- \/ Yoast SEO Premium plugin. -->","yoast_head_json":{"title":"Moje konto - GreenPanels.pl | Hurtownia Sklejek i P\u0142yt Budowlanych \u2013 Hurtowe Ceny, Importer","robots":{"index":"index","follow":"follow","max-snippet":"max-snippet:-1","max-image-preview":"max-image-preview:large","max-video-preview":"max-video-preview:-1"},"canonical":"https:\/\/greenpanels.pl\/index.php\/moje-konto\/","og_locale":"pl_PL","og_type":"article","og_title":"Moje konto","og_url":"https:\/\/greenpanels.pl\/index.php\/moje-konto\/","og_site_name":"GreenPanels.pl | Hurtownia Sklejek i P\u0142yt Budowlanych \u2013 Hurtowe Ceny, Importer","twitter_card":"summary_large_image","schema":{"@context":"https:\/\/schema.org","@graph":[{"@type":"WebPage","@id":"https:\/\/greenpanels.pl\/index.php\/moje-konto\/","url":"https:\/\/greenpanels.pl\/index.php\/moje-konto\/","name":"Moje konto - GreenPanels.pl | Hurtownia Sklejek i P\u0142yt Budowlanych \u2013 Hurtowe Ceny, Importer","isPartOf":{"@id":"http:\/\/greenpanels.pl\/#website"},"datePublished":"2025-03-17T07:15:05+00:00","breadcrumb":{"@id":"https:\/\/greenpanels.pl\/index.php\/moje-konto\/#breadcrumb"},"inLanguage":"pl-PL","potentialAction":[{"@type":"ReadAction","target":["https:\/\/greenpanels.pl\/index.php\/moje-konto\/"]}]},{"@type":"BreadcrumbList","@id":"https:\/\/greenpanels.pl\/index.php\/moje-konto\/#breadcrumb","itemListElement":[{"@type":"ListItem","position":1,"name":"Strona g\u0142\u00f3wna","item":"http:\/\/greenpanels.pl\/"},{"@type":"ListItem","position":2,"name":"Moje konto"}]},{"@type":"WebSite","@id":"http:\/\/greenpanels.pl\/#website","url":"http:\/\/greenpanels.pl\/","name":"GreenPanels.pl | Hurtownia Sklejek i P\u0142yt Budowlanych \u2013 Hurtowe Ceny, Importer","description":"GreenPanels.pl \u2013 profesjonalna hurtownia sklejek brzozowych, p\u0142yt OSB, MDF, HDF i warstwowych u Importera. Zam\u00f3w online ju\u017c dzi\u015b!","publisher":{"@id":"http:\/\/greenpanels.pl\/#organization"},"potentialAction":[{"@type":"SearchAction","target":{"@type":"EntryPoint","urlTemplate":"http:\/\/greenpanels.pl\/?s={search_term_string}"},"query-input":{"@type":"PropertyValueSpecification","valueRequired":true,"valueName":"search_term_string"}}],"inLanguage":"pl-PL"},{"@type":"Organization","@id":"http:\/\/greenpanels.pl\/#organization","name":"GreenPanels.pl | Hurtownia Sklejek i P\u0142yt Budowlanych \u2013 Hurtowe Ceny, Importer","url":"http:\/\/greenpanels.pl\/","logo":{"@type":"ImageObject","inLanguage":"pl-PL","@id":"http:\/\/greenpanels.pl\/#\/schema\/logo\/image\/","url":"https:\/\/greenpanels.pl\/wp-content\/uploads\/2025\/03\/logo-landing.png","contentUrl":"https:\/\/greenpanels.pl\/wp-content\/uploads\/2025\/03\/logo-landing.png","width":369,"height":53,"caption":"GreenPanels.pl | Hurtownia Sklejek i P\u0142yt Budowlanych \u2013 Hurtowe Ceny, Importer"},"image":{"@id":"http:\/\/greenpanels.pl\/#\/schema\/logo\/image\/"}}]}},"jetpack_sharing_enabled":true,"_links":{"self":[{"href":"https:\/\/greenpanels.pl\/index.php\/wp-json\/wp\/v2\/pages\/9","targetHints":{"allow":["GET"]}}],"collection":[{"href":"https:\/\/greenpanels.pl\/index.php\/wp-json\/wp\/v2\/pages"}],"about":[{"href":"https:\/\/greenpanels.pl\/index.php\/wp-json\/wp\/v2\/types\/page"}],"author":[{"embeddable":true,"href":"https:\/\/greenpanels.pl\/index.php\/wp-json\/wp\/v2\/users\/1"}],"replies":[{"embeddable":true,"href":"https:\/\/greenpanels.pl\/index.php\/wp-json\/wp\/v2\/comments?post=9"}],"version-history":[{"count":0,"href":"https:\/\/greenpanels.pl\/index.php\/wp-json\/wp\/v2\/pages\/9\/revisions"}],"wp:attachment":[{"href":"https:\/\/greenpanels.pl\/index.php\/wp-json\/wp\/v2\/media?parent=9"}],"curies":[{"name":"wp","href":"https:\/\/api.w.org\/{rel}","templated":true}]}}